{"id":683,"date":"2021-10-29T09:10:43","date_gmt":"2021-10-29T09:10:43","guid":{"rendered":"https:\/\/thinkinginyellow.com\/?page_id=683"},"modified":"2021-11-02T08:54:40","modified_gmt":"2021-11-02T08:54:40","slug":"la-guarida","status":"publish","type":"page","link":"https:\/\/thinkinginyellow.com\/de\/la-guarida\/","title":{"rendered":"La Guarida"},"content":{"rendered":"<p>[et_pb_section fb_built=&#8220;1&#8243; _builder_version=&#8220;4.9.3&#8243; _module_preset=&#8220;default&#8220; custom_margin=&#8220;50px||0px||false|false&#8220; custom_margin_tablet=&#8220;&#8220; custom_margin_phone=&#8220;20px||0px||false|false&#8220; custom_margin_last_edited=&#8220;on|desktop&#8220;][et_pb_row _builder_version=&#8220;4.9.3&#8243; _module_preset=&#8220;default&#8220; animation_style=&#8220;slide&#8220; animation_direction=&#8220;top&#8220; animation_intensity_slide=&#8220;5%&#8220;][et_pb_column type=&#8220;4_4&#8243; _builder_version=&#8220;4.9.3&#8243; _module_preset=&#8220;default&#8220;][et_pb_text _builder_version=&#8220;4.9.10&#8243; _module_preset=&#8220;default&#8220; header_text_align=&#8220;center&#8220; border_width_bottom=&#8220;5px&#8220; border_color_bottom=&#8220;#FFFF00&#8243;]<\/p>\n<h1>Die H\u00f6hle<\/h1>\n<p>[\/et_pb_text][\/et_pb_column][\/et_pb_row][\/et_pb_section][et_pb_section fb_built=&#8220;1&#8243; custom_padding_last_edited=&#8220;on|phone&#8220; _builder_version=&#8220;4.9.3&#8243; _module_preset=&#8220;default&#8220; custom_margin=&#8220;||||false|false&#8220; custom_padding=&#8220;0px||0px||true|false&#8220; custom_padding_tablet=&#8220;&#8220; custom_padding_phone=&#8220;||0px||false|false&#8220; animation_direction=&#8220;top&#8220;][et_pb_row _builder_version=&#8220;4.9.3&#8243; _module_preset=&#8220;default&#8220; animation_style=&#8220;slide&#8220; animation_direction=&#8220;top&#8220; animation_delay=&#8220;100ms&#8220; animation_intensity_slide=&#8220;5%&#8220; hover_enabled=&#8220;0&#8243; sticky_enabled=&#8220;0&#8243;][et_pb_column type=&#8220;4_4&#8243; _builder_version=&#8220;4.9.3&#8243; _module_preset=&#8220;default&#8220;][et_pb_text _builder_version=&#8220;4.9.10&#8243; _module_preset=&#8220;default&#8220; hover_enabled=&#8220;0&#8243; sticky_enabled=&#8220;0&#8243;]<span><strong>Die H\u00f6hle<\/strong> ist ein Ort zum Reflektieren. F\u00fcr pers\u00f6nliche und intellektuelle <\/span><span>Entwicklung, wo Ihr Beitrag das Kollektiv bereichert. <strong>Es ist eine Arena<\/strong>, um sich zu am\u00fcsieren und anregende Diskussionen mit Menschen zu f\u00fchren die Ihre Neugier teilen, aber nicht unbedingt den gleichen Standpunkt haben.<\/span><\/p>\n<p><span><strong>Die H\u00f6hle<\/strong> basiert auf der Unterst\u00fctzung zwischenmenschlicher Beziehungen und <\/span><span>f\u00f6rdert klassische Kommunikationsgewohnheiten und konzentriert sich auf die Freude an\u00a0<\/span><span>Konversation, indem man genau zuh\u00f6rt und dar\u00fcber nachdenkt, was von allen Anwesenden geteilt wird.<\/span><\/p>\n<p>&nbsp;[\/et_pb_text][et_pb_text _builder_version=&#8220;4.9.10&#8243; text_font=&#8220;||||||||&#8220; text_font_size=&#8220;18px&#8220; text_line_height=&#8220;2.2em&#8220; header_font=&#8220;||||||||&#8220; header_2_font=&#8220;Varela Round||||||||&#8220; header_2_text_color=&#8220;#94A596&#8243; header_2_font_size=&#8220;40px&#8220; header_2_line_height=&#8220;1.2em&#8220; custom_margin=&#8220;||20px||false|false&#8220; animation_direction=&#8220;left&#8220; text_font_size_tablet=&#8220;&#8220; text_font_size_phone=&#8220;14px&#8220; text_font_size_last_edited=&#8220;on|phone&#8220; header_2_font_size_tablet=&#8220;35px&#8220; header_2_font_size_phone=&#8220;25px&#8220; header_2_font_size_last_edited=&#8220;on|desktop&#8220; locked=&#8220;off&#8220; header_3_font_size__hover=&#8220;22px&#8220; header_3_font_size__hover_enabled=&#8220;22px&#8220; header_3_letter_spacing__hover=&#8220;0px&#8220; header_3_letter_spacing__hover_enabled=&#8220;0px&#8220; header_3_line_height__hover=&#8220;1em&#8220; header_3_line_height__hover_enabled=&#8220;1em&#8220; header_3_text_shadow_style__hover=&#8220;none&#8220; header_3_text_shadow_style__hover_enabled=&#8220;none&#8220; header_3_text_shadow_color__hover=&#8220;rgba(0,0,0,0.4)&#8220; header_3_text_shadow_color__hover_enabled=&#8220;rgba(0,0,0,0.4)&#8220;]<\/p>\n<h2 class=\"p1\">The Thinking in Yellow attitude!<\/h2>\n<p>[\/et_pb_text][\/et_pb_column][\/et_pb_row][\/et_pb_section][et_pb_section fb_built=&#8220;1&#8243; _builder_version=&#8220;4.9.3&#8243; _module_preset=&#8220;default&#8220; custom_margin=&#8220;0px||0px||true|false&#8220; custom_margin_tablet=&#8220;&#8220; custom_margin_phone=&#8220;&#8220; custom_margin_last_edited=&#8220;on|desktop&#8220; custom_padding=&#8220;0px||||false|false&#8220;][et_pb_row _builder_version=&#8220;4.9.3&#8243; _module_preset=&#8220;default&#8220;][et_pb_column type=&#8220;4_4&#8243; _builder_version=&#8220;4.9.3&#8243; _module_preset=&#8220;default&#8220;][et_pb_blog posts_number=&#8220;5&#8243; include_categories=&#8220;all&#8220; meta_date=&#8220;j M Y&#8220; excerpt_length=&#8220;250&#8243; show_author=&#8220;off&#8220; show_categories=&#8220;off&#8220; show_excerpt=&#8220;off&#8220; use_overlay=&#8220;on&#8220; overlay_icon_color=&#8220;#183029&#8243; hover_overlay_color=&#8220;rgba(255,255,255,0.8)&#8220; hover_icon=&#8220;%%3%%&#8220; _builder_version=&#8220;4.9.10&#8243; _module_preset=&#8220;default&#8220; header_level=&#8220;h3&#8243; meta_font=&#8220;|700||on|||||&#8220; meta_text_color=&#8220;#183029&#8243; meta_font_size=&#8220;13px&#8220; read_more_font=&#8220;Varela Round|700||on|||||&#8220; read_more_text_color=&#8220;#183029&#8243; animation_style=&#8220;fade&#8220; border_color_all_image=&#8220;#183029&#8243; border_width_bottom_image=&#8220;10px&#8220;][\/et_pb_blog][\/et_pb_column][\/et_pb_row][\/et_pb_section][et_pb_section fb_built=&#8220;1&#8243; disabled_on=&#8220;on|on|on&#8220; _builder_version=&#8220;4.9.3&#8243; _module_preset=&#8220;default&#8220; background_image=&#8220;https:\/\/thinkinginyellow.com\/wp-content\/uploads\/2021\/04\/patron_verde-30.png&#8220; background_size=&#8220;initial&#8220; custom_margin=&#8220;||100px||false|false&#8220; custom_margin_tablet=&#8220;&#8220; custom_margin_phone=&#8220;&#8220; custom_margin_last_edited=&#8220;on|phone&#8220; custom_padding=&#8220;50px|50px|50px|50px|true|true&#8220; disabled=&#8220;on&#8220; locked=&#8220;off&#8220;][et_pb_row custom_padding_last_edited=&#8220;on|phone&#8220; _builder_version=&#8220;4.9.3&#8243; _module_preset=&#8220;default&#8220; background_color=&#8220;#FFFFFF&#8220; width=&#8220;85%&#8220; width_tablet=&#8220;&#8220; width_phone=&#8220;&#8220; width_last_edited=&#8220;on|desktop&#8220; custom_padding=&#8220;50px||50px||true|false&#8220; custom_padding_tablet=&#8220;&#8220; custom_padding_phone=&#8220;20px||20px||true|true&#8220;][et_pb_column type=&#8220;4_4&#8243; admin_label=&#8220;Suscripci\u00f3n&#8220; _builder_version=&#8220;4.9.3&#8243; _module_preset=&#8220;default&#8220;][et_pb_text _builder_version=&#8220;4.9.3&#8243; text_font=&#8220;||||||||&#8220; text_font_size=&#8220;18px&#8220; text_line_height=&#8220;2.2em&#8220; header_font=&#8220;||||||||&#8220; header_text_align=&#8220;center&#8220; header_2_font=&#8220;||||||||&#8220; header_2_text_color=&#8220;#94A596&#8243; width=&#8220;75%&#8220; module_alignment=&#8220;center&#8220; custom_margin=&#8220;||50px||false|false&#8220; custom_margin_tablet=&#8220;&#8220; custom_margin_phone=&#8220;||20px||false|false&#8220; custom_margin_last_edited=&#8220;on|desktop&#8220; animation_direction=&#8220;left&#8220; text_font_size_tablet=&#8220;&#8220; text_font_size_phone=&#8220;14px&#8220; text_font_size_last_edited=&#8220;on|phone&#8220; header_2_font_size_tablet=&#8220;35px&#8220; header_2_font_size_phone=&#8220;25px&#8220; header_2_font_size_last_edited=&#8220;on|desktop&#8220; border_width_bottom=&#8220;5px&#8220; border_color_bottom=&#8220;#FFFF00&#8243; locked=&#8220;off&#8220; header_3_font_size__hover=&#8220;22px&#8220; header_3_font_size__hover_enabled=&#8220;22px&#8220; header_3_letter_spacing__hover=&#8220;0px&#8220; header_3_letter_spacing__hover_enabled=&#8220;0px&#8220; header_3_line_height__hover=&#8220;1em&#8220; header_3_line_height__hover_enabled=&#8220;1em&#8220; header_3_text_shadow_style__hover=&#8220;none&#8220; header_3_text_shadow_style__hover_enabled=&#8220;none&#8220; header_3_text_shadow_color__hover=&#8220;rgba(0,0,0,0.4)&#8220; header_3_text_shadow_color__hover_enabled=&#8220;rgba(0,0,0,0.4)&#8220;]<\/p>\n<h1 class=\"p1\"><span class=\"s1\">Suscr\u00edbete a La Guarida<\/span><\/h1>\n<p>[\/et_pb_text][et_pb_text _builder_version=&#8220;4.9.3&#8243; _module_preset=&#8220;default&#8220; text_orientation=&#8220;center&#8220; width=&#8220;80%&#8220; module_alignment=&#8220;center&#8220; custom_margin=&#8220;||15px||false|false&#8220;]\u00a1Suscr\u00edbete al bolet\u00edn de noticias de <span style=\"color: #94a596;\"><strong>La Guarida<\/strong><\/span> para enterarte de todas las novedades!<br \/>\n[\/et_pb_text][et_pb_signup name_field=&#8220;on&#8220; button_text=&#8220;Suscribirme&#8220; _builder_version=&#8220;4.9.3&#8243; _module_preset=&#8220;default&#8220; form_field_background_color=&#8220;rgba(255,255,0,0.21)&#8220; form_field_text_color=&#8220;#183029&#8243; result_message_text_color=&#8220;#94A596&#8243; form_field_font=&#8220;||||||||&#8220; form_field_font_size=&#8220;16px&#8220; form_field_line_height=&#8220;2em&#8220; background_enable_color=&#8220;off&#8220; custom_button=&#8220;on&#8220; button_custom_margin=&#8220;15px||||false|false&#8220; button_custom_padding=&#8220;||15px||false|false&#8220; width=&#8220;80%&#8220; width_tablet=&#8220;&#8220; width_phone=&#8220;100%&#8220; width_last_edited=&#8220;on|desktop&#8220; module_alignment=&#8220;center&#8220; animation_style=&#8220;fade&#8220; animation_delay=&#8220;200ms&#8220; form_field_font_size_tablet=&#8220;&#8220; form_field_font_size_phone=&#8220;14px&#8220; form_field_font_size_last_edited=&#8220;on|phone&#8220; button_text_size_tablet=&#8220;12px&#8220; button_text_size_phone=&#8220;&#8220; button_text_size_last_edited=&#8220;on|phone&#8220; box_shadow_style_button=&#8220;preset4&#8243; box_shadow_horizontal_button=&#8220;0px&#8220; box_shadow_vertical_button=&#8220;5px&#8220; box_shadow_color_button=&#8220;#FFFF00&#8243;][\/et_pb_signup][\/et_pb_column][\/et_pb_row][\/et_pb_section]<\/p>\n","protected":false},"excerpt":{"rendered":"<p>Die H\u00f6hle Die H\u00f6hle ist ein Ort zum Reflektieren. F\u00fcr pers\u00f6nliche und intellektuelle Entwicklung, wo Ihr Beitrag das Kollektiv bereichert. Es ist eine Arena, um sich zu am\u00fcsieren und anregende Diskussionen mit Menschen zu f\u00fchren die Ihre Neugier teilen, aber nicht unbedingt den gleichen Standpunkt haben. Die H\u00f6hle basiert auf der Unterst\u00fctzung zwischenmenschlicher Beziehungen und [&hellip;]<\/p>\n","protected":false},"author":1,"featured_media":0,"parent":0,"menu_order":0,"comment_status":"closed","ping_status":"closed","template":"","meta":{"_et_pb_use_builder":"on","_et_pb_old_content":"<p>[et_pb_section fb_built=\"1\" _builder_version=\"4.9.3\" _module_preset=\"default\" custom_margin=\"50px||0px||false|false\" custom_margin_tablet=\"\" custom_margin_phone=\"20px||0px||false|false\" custom_margin_last_edited=\"on|desktop\"][et_pb_row _builder_version=\"4.9.3\" _module_preset=\"default\" animation_style=\"slide\" animation_direction=\"top\" animation_intensity_slide=\"5%\"][et_pb_column type=\"4_4\" _builder_version=\"4.9.3\" _module_preset=\"default\"][et_pb_text _builder_version=\"4.9.3\" _module_preset=\"default\" header_text_align=\"center\" border_width_bottom=\"5px\" border_color_bottom=\"#FFFF00\"]<\/p><h1>La Guarida<\/h1><p>[\/et_pb_text][\/et_pb_column][\/et_pb_row][\/et_pb_section][et_pb_section fb_built=\"1\" custom_padding_last_edited=\"on|phone\" _builder_version=\"4.9.3\" _module_preset=\"default\" custom_margin=\"||||false|false\" custom_padding=\"0px||0px||true|false\" custom_padding_tablet=\"\" custom_padding_phone=\"||0px||false|false\" animation_direction=\"top\"][et_pb_row _builder_version=\"4.9.3\" _module_preset=\"default\" animation_style=\"slide\" animation_direction=\"top\" animation_delay=\"100ms\" animation_intensity_slide=\"5%\"][et_pb_column type=\"4_4\" _builder_version=\"4.9.3\" _module_preset=\"default\"][et_pb_text _builder_version=\"4.9.3\" _module_preset=\"default\"]<strong>La Guarida<\/strong> es un espacio de reflexi\u00f3n, de crecimiento personal e intelectual en el que tu aportaci\u00f3n es un activo que enriquece al colectivo. En definitiva, un <strong>blog de psicolog\u00eda<\/strong>. Es el rinc\u00f3n en el que disfrutar de ti y de una estimulante charla con personas que se interesan por los mismos temas que tu, pero donde no es imprescindible compartir los mismos puntos de vista.<\/p><p><strong>La Guarida<\/strong> se construye y apoya en las relaciones interpersonales, fomenta los h\u00e1bitos cl\u00e1sicos de comunicaci\u00f3n y el gusto por la conversaci\u00f3n. Todo ello a trav\u00e9s de la visi\u00f3n de una <strong>Psic\u00f3loga espa\u00f1ola en Alemania<\/strong>, especializada en <strong>expatriados<\/strong>.<\/p><p>Mirar a los ojos del que escucha o reflexionar tras la exposici\u00f3n de los dem\u00e1s...<br \/>[\/et_pb_text][et_pb_text _builder_version=\"4.9.3\" text_font=\"||||||||\" text_font_size=\"18px\" text_line_height=\"2.2em\" header_font=\"||||||||\" header_2_font=\"Varela Round||||||||\" header_2_text_color=\"#94A596\" header_2_font_size=\"40px\" header_2_line_height=\"1.2em\" custom_margin=\"||20px||false|false\" animation_direction=\"left\" text_font_size_tablet=\"\" text_font_size_phone=\"14px\" text_font_size_last_edited=\"on|phone\" header_2_font_size_tablet=\"35px\" header_2_font_size_phone=\"25px\" header_2_font_size_last_edited=\"on|desktop\" locked=\"off\" header_3_font_size__hover=\"22px\" header_3_font_size__hover_enabled=\"22px\" header_3_letter_spacing__hover=\"0px\" header_3_letter_spacing__hover_enabled=\"0px\" header_3_line_height__hover=\"1em\" header_3_line_height__hover_enabled=\"1em\" header_3_text_shadow_style__hover=\"none\" header_3_text_shadow_style__hover_enabled=\"none\" header_3_text_shadow_color__hover=\"rgba(0,0,0,0.4)\" header_3_text_shadow_color__hover_enabled=\"rgba(0,0,0,0.4)\"]<\/p><h2 class=\"p1\">Actitudes Thinking in Yellow!<\/h2><p>[\/et_pb_text][\/et_pb_column][\/et_pb_row][\/et_pb_section][et_pb_section fb_built=\"1\" _builder_version=\"4.9.3\" _module_preset=\"default\" custom_margin=\"0px||0px||true|false\" custom_margin_tablet=\"\" custom_margin_phone=\"\" custom_margin_last_edited=\"on|desktop\" custom_padding=\"0px||||false|false\"][et_pb_row _builder_version=\"4.9.3\" _module_preset=\"default\"][et_pb_column type=\"4_4\" _builder_version=\"4.9.3\" _module_preset=\"default\"][et_pb_blog posts_number=\"5\" include_categories=\"all\" meta_date=\"j M Y\" excerpt_length=\"250\" show_author=\"off\" show_categories=\"off\" show_excerpt=\"off\" use_overlay=\"on\" overlay_icon_color=\"#183029\" hover_overlay_color=\"rgba(255,255,255,0.8)\" hover_icon=\"%%3%%\" _builder_version=\"4.9.10\" _module_preset=\"default\" header_level=\"h3\" meta_font=\"|700||on|||||\" meta_text_color=\"#183029\" meta_font_size=\"13px\" read_more_font=\"Varela Round|700||on|||||\" read_more_text_color=\"#183029\" animation_style=\"fade\" border_color_all_image=\"#183029\" border_width_bottom_image=\"10px\"][\/et_pb_blog][\/et_pb_column][\/et_pb_row][\/et_pb_section][et_pb_section fb_built=\"1\" disabled_on=\"on|on|on\" _builder_version=\"4.9.3\" _module_preset=\"default\" background_image=\"https:\/\/thinkinginyellow.com\/wp-content\/uploads\/2021\/04\/patron_verde-30.png\" background_size=\"initial\" custom_margin=\"||100px||false|false\" custom_margin_tablet=\"\" custom_margin_phone=\"\" custom_margin_last_edited=\"on|phone\" custom_padding=\"50px|50px|50px|50px|true|true\" disabled=\"on\" locked=\"off\"][et_pb_row custom_padding_last_edited=\"on|phone\" _builder_version=\"4.9.3\" _module_preset=\"default\" background_color=\"#FFFFFF\" width=\"85%\" width_tablet=\"\" width_phone=\"\" width_last_edited=\"on|desktop\" custom_padding=\"50px||50px||true|false\" custom_padding_tablet=\"\" custom_padding_phone=\"20px||20px||true|true\"][et_pb_column type=\"4_4\" admin_label=\"Suscripci\u00f3n\" _builder_version=\"4.9.3\" _module_preset=\"default\"][et_pb_text _builder_version=\"4.9.3\" text_font=\"||||||||\" text_font_size=\"18px\" text_line_height=\"2.2em\" header_font=\"||||||||\" header_text_align=\"center\" header_2_font=\"||||||||\" header_2_text_color=\"#94A596\" width=\"75%\" module_alignment=\"center\" custom_margin=\"||50px||false|false\" custom_margin_tablet=\"\" custom_margin_phone=\"||20px||false|false\" custom_margin_last_edited=\"on|desktop\" animation_direction=\"left\" text_font_size_tablet=\"\" text_font_size_phone=\"14px\" text_font_size_last_edited=\"on|phone\" header_2_font_size_tablet=\"35px\" header_2_font_size_phone=\"25px\" header_2_font_size_last_edited=\"on|desktop\" border_width_bottom=\"5px\" border_color_bottom=\"#FFFF00\" locked=\"off\" header_3_font_size__hover=\"22px\" header_3_font_size__hover_enabled=\"22px\" header_3_letter_spacing__hover=\"0px\" header_3_letter_spacing__hover_enabled=\"0px\" header_3_line_height__hover=\"1em\" header_3_line_height__hover_enabled=\"1em\" header_3_text_shadow_style__hover=\"none\" header_3_text_shadow_style__hover_enabled=\"none\" header_3_text_shadow_color__hover=\"rgba(0,0,0,0.4)\" header_3_text_shadow_color__hover_enabled=\"rgba(0,0,0,0.4)\"]<\/p><h1 class=\"p1\"><span class=\"s1\">Suscr\u00edbete a La Guarida<\/span><\/h1><p>[\/et_pb_text][et_pb_text _builder_version=\"4.9.3\" _module_preset=\"default\" text_orientation=\"center\" width=\"80%\" module_alignment=\"center\" custom_margin=\"||15px||false|false\"]\u00a1Suscr\u00edbete al bolet\u00edn de noticias de <span style=\"color: #94a596;\"><strong>La Guarida<\/strong><\/span> para enterarte de todas las novedades!<br \/>[\/et_pb_text][et_pb_signup name_field=\"on\" button_text=\"Suscribirme\" _builder_version=\"4.9.3\" _module_preset=\"default\" form_field_background_color=\"rgba(255,255,0,0.21)\" form_field_text_color=\"#183029\" result_message_text_color=\"#94A596\" form_field_font=\"||||||||\" form_field_font_size=\"16px\" form_field_line_height=\"2em\" background_enable_color=\"off\" custom_button=\"on\" button_custom_margin=\"15px||||false|false\" button_custom_padding=\"||15px||false|false\" width=\"80%\" width_tablet=\"\" width_phone=\"100%\" width_last_edited=\"on|desktop\" module_alignment=\"center\" animation_style=\"fade\" animation_delay=\"200ms\" form_field_font_size_tablet=\"\" form_field_font_size_phone=\"14px\" form_field_font_size_last_edited=\"on|phone\" button_text_size_tablet=\"12px\" button_text_size_phone=\"\" button_text_size_last_edited=\"on|phone\" box_shadow_style_button=\"preset4\" box_shadow_horizontal_button=\"0px\" box_shadow_vertical_button=\"5px\" box_shadow_color_button=\"#FFFF00\"][\/et_pb_signup][\/et_pb_column][\/et_pb_row][\/et_pb_section]<\/p>","_et_gb_content_width":""},"yoast_head":"<!-- This site is optimized with the Yoast SEO plugin v17.5 - https:\/\/yoast.com\/wordpress\/plugins\/seo\/ -->\n<title>La Guarida - Thinking in yellow<\/title>\n<meta name=\"robots\" content=\"index, follow, max-snippet:-1, max-image-preview:large, max-video-preview:-1\" \/>\n<link rel=\"canonical\" href=\"https:\/\/thinkinginyellow.com\/de\/la-guarida\/\" \/>\n<meta property=\"og:locale\" content=\"de_DE\" \/>\n<meta property=\"og:type\" content=\"article\" \/>\n<meta property=\"og:title\" content=\"La Guarida - Thinking in yellow\" \/>\n<meta property=\"og:description\" content=\"Die H\u00f6hle Die H\u00f6hle ist ein Ort zum Reflektieren. F\u00fcr pers\u00f6nliche und intellektuelle Entwicklung, wo Ihr Beitrag das Kollektiv bereichert. Es ist eine Arena, um sich zu am\u00fcsieren und anregende Diskussionen mit Menschen zu f\u00fchren die Ihre Neugier teilen, aber nicht unbedingt den gleichen Standpunkt haben. Die H\u00f6hle basiert auf der Unterst\u00fctzung zwischenmenschlicher Beziehungen und [&hellip;]\" \/>\n<meta property=\"og:url\" content=\"https:\/\/thinkinginyellow.com\/de\/la-guarida\/\" \/>\n<meta property=\"og:site_name\" content=\"Thinking in yellow\" \/>\n<meta property=\"article:modified_time\" content=\"2021-11-02T08:54:40+00:00\" \/>\n<meta name=\"twitter:card\" content=\"summary_large_image\" \/>\n<meta name=\"twitter:label1\" content=\"Gesch\u00e4tzte Lesezeit\" \/>\n\t<meta name=\"twitter:data1\" content=\"5\u00a0Minuten\" \/>\n<script type=\"application\/ld+json\" class=\"yoast-schema-graph\">{\"@context\":\"https:\/\/schema.org\",\"@graph\":[{\"@type\":\"WebSite\",\"@id\":\"https:\/\/thinkinginyellow.com\/#website\",\"url\":\"https:\/\/thinkinginyellow.com\/\",\"name\":\"Thinking in yellow\",\"description\":\"Simplify your life - Psic\\u00f3loga espa\\u00f1ola en M\\u00fanich para expatriados\",\"potentialAction\":[{\"@type\":\"SearchAction\",\"target\":{\"@type\":\"EntryPoint\",\"urlTemplate\":\"https:\/\/thinkinginyellow.com\/?s={search_term_string}\"},\"query-input\":\"required name=search_term_string\"}],\"inLanguage\":\"de\"},{\"@type\":\"WebPage\",\"@id\":\"https:\/\/thinkinginyellow.com\/de\/la-guarida\/#webpage\",\"url\":\"https:\/\/thinkinginyellow.com\/de\/la-guarida\/\",\"name\":\"La Guarida - Thinking in yellow\",\"isPartOf\":{\"@id\":\"https:\/\/thinkinginyellow.com\/#website\"},\"datePublished\":\"2021-10-29T09:10:43+00:00\",\"dateModified\":\"2021-11-02T08:54:40+00:00\",\"breadcrumb\":{\"@id\":\"https:\/\/thinkinginyellow.com\/de\/la-guarida\/#breadcrumb\"},\"inLanguage\":\"de\",\"potentialAction\":[{\"@type\":\"ReadAction\",\"target\":[\"https:\/\/thinkinginyellow.com\/de\/la-guarida\/\"]}]},{\"@type\":\"BreadcrumbList\",\"@id\":\"https:\/\/thinkinginyellow.com\/de\/la-guarida\/#breadcrumb\",\"itemListElement\":[{\"@type\":\"ListItem\",\"position\":1,\"name\":\"Portada\",\"item\":\"https:\/\/thinkinginyellow.com\/de\/\"},{\"@type\":\"ListItem\",\"position\":2,\"name\":\"La Guarida\"}]}]}<\/script>\n<!-- \/ Yoast SEO plugin. -->","yoast_head_json":{"title":"La Guarida - Thinking in yellow","robots":{"index":"index","follow":"follow","max-snippet":"max-snippet:-1","max-image-preview":"max-image-preview:large","max-video-preview":"max-video-preview:-1"},"canonical":"https:\/\/thinkinginyellow.com\/de\/la-guarida\/","og_locale":"de_DE","og_type":"article","og_title":"La Guarida - Thinking in yellow","og_description":"Die H\u00f6hle Die H\u00f6hle ist ein Ort zum Reflektieren. F\u00fcr pers\u00f6nliche und intellektuelle Entwicklung, wo Ihr Beitrag das Kollektiv bereichert. Es ist eine Arena, um sich zu am\u00fcsieren und anregende Diskussionen mit Menschen zu f\u00fchren die Ihre Neugier teilen, aber nicht unbedingt den gleichen Standpunkt haben. Die H\u00f6hle basiert auf der Unterst\u00fctzung zwischenmenschlicher Beziehungen und [&hellip;]","og_url":"https:\/\/thinkinginyellow.com\/de\/la-guarida\/","og_site_name":"Thinking in yellow","article_modified_time":"2021-11-02T08:54:40+00:00","twitter_card":"summary_large_image","twitter_misc":{"Gesch\u00e4tzte Lesezeit":"5\u00a0Minuten"},"schema":{"@context":"https:\/\/schema.org","@graph":[{"@type":"WebSite","@id":"https:\/\/thinkinginyellow.com\/#website","url":"https:\/\/thinkinginyellow.com\/","name":"Thinking in yellow","description":"Simplify your life - Psic\u00f3loga espa\u00f1ola en M\u00fanich para expatriados","potentialAction":[{"@type":"SearchAction","target":{"@type":"EntryPoint","urlTemplate":"https:\/\/thinkinginyellow.com\/?s={search_term_string}"},"query-input":"required name=search_term_string"}],"inLanguage":"de"},{"@type":"WebPage","@id":"https:\/\/thinkinginyellow.com\/de\/la-guarida\/#webpage","url":"https:\/\/thinkinginyellow.com\/de\/la-guarida\/","name":"La Guarida - Thinking in yellow","isPartOf":{"@id":"https:\/\/thinkinginyellow.com\/#website"},"datePublished":"2021-10-29T09:10:43+00:00","dateModified":"2021-11-02T08:54:40+00:00","breadcrumb":{"@id":"https:\/\/thinkinginyellow.com\/de\/la-guarida\/#breadcrumb"},"inLanguage":"de","potentialAction":[{"@type":"ReadAction","target":["https:\/\/thinkinginyellow.com\/de\/la-guarida\/"]}]},{"@type":"BreadcrumbList","@id":"https:\/\/thinkinginyellow.com\/de\/la-guarida\/#breadcrumb","itemListElement":[{"@type":"ListItem","position":1,"name":"Portada","item":"https:\/\/thinkinginyellow.com\/de\/"},{"@type":"ListItem","position":2,"name":"La Guarida"}]}]}},"uagb_featured_image_src":{"full":false,"thumbnail":false,"medium":false,"medium_large":false,"large":false,"1536x1536":false,"2048x2048":false,"et-pb-post-main-image":false,"et-pb-post-main-image-fullwidth":false,"et-pb-portfolio-image":false,"et-pb-portfolio-module-image":false,"et-pb-portfolio-image-single":false,"et-pb-gallery-module-image-portrait":false,"et-pb-post-main-image-fullwidth-large":false,"et-pb-image--responsive--desktop":false,"et-pb-image--responsive--tablet":false,"et-pb-image--responsive--phone":false},"uagb_author_info":{"display_name":"admin","author_link":"https:\/\/thinkinginyellow.com\/de\/author\/thinking\/"},"uagb_comment_info":0,"uagb_excerpt":"Die H\u00f6hle Die H\u00f6hle ist ein Ort zum Reflektieren. F\u00fcr pers\u00f6nliche und intellektuelle Entwicklung, wo Ihr Beitrag das Kollektiv bereichert. Es ist eine Arena, um sich zu am\u00fcsieren und anregende Diskussionen mit Menschen zu f\u00fchren die Ihre Neugier teilen, aber nicht unbedingt den gleichen Standpunkt haben. Die H\u00f6hle basiert auf der Unterst\u00fctzung zwischenmenschlicher Beziehungen und&hellip;","_links":{"self":[{"href":"https:\/\/thinkinginyellow.com\/de\/wp-json\/wp\/v2\/pages\/683"}],"collection":[{"href":"https:\/\/thinkinginyellow.com\/de\/wp-json\/wp\/v2\/pages"}],"about":[{"href":"https:\/\/thinkinginyellow.com\/de\/wp-json\/wp\/v2\/types\/page"}],"author":[{"embeddable":true,"href":"https:\/\/thinkinginyellow.com\/de\/wp-json\/wp\/v2\/users\/1"}],"replies":[{"embeddable":true,"href":"https:\/\/thinkinginyellow.com\/de\/wp-json\/wp\/v2\/comments?post=683"}],"version-history":[{"count":7,"href":"https:\/\/thinkinginyellow.com\/de\/wp-json\/wp\/v2\/pages\/683\/revisions"}],"predecessor-version":[{"id":704,"href":"https:\/\/thinkinginyellow.com\/de\/wp-json\/wp\/v2\/pages\/683\/revisions\/704"}],"wp:attachment":[{"href":"https:\/\/thinkinginyellow.com\/de\/wp-json\/wp\/v2\/media?parent=683"}],"curies":[{"name":"wp","href":"https:\/\/api.w.org\/{rel}","templated":true}]}}