{"id":679,"date":"2021-10-29T09:10:14","date_gmt":"2021-10-29T09:10:14","guid":{"rendered":"https:\/\/thinkinginyellow.com\/?page_id=679"},"modified":"2021-11-02T08:52:54","modified_gmt":"2021-11-02T08:52:54","slug":"la-guarida","status":"publish","type":"page","link":"https:\/\/thinkinginyellow.com\/en\/la-guarida\/","title":{"rendered":"La Guarida"},"content":{"rendered":"<p>[et_pb_section fb_built=&#8221;1&#8243; _builder_version=&#8221;4.9.3&#8243; _module_preset=&#8221;default&#8221; custom_margin=&#8221;50px||0px||false|false&#8221; custom_margin_tablet=&#8221;&#8221; custom_margin_phone=&#8221;20px||0px||false|false&#8221; custom_margin_last_edited=&#8221;on|desktop&#8221;][et_pb_row _builder_version=&#8221;4.9.3&#8243; _module_preset=&#8221;default&#8221; animation_style=&#8221;slide&#8221; animation_direction=&#8221;top&#8221; animation_intensity_slide=&#8221;5%&#8221;][et_pb_column type=&#8221;4_4&#8243; _builder_version=&#8221;4.9.3&#8243; _module_preset=&#8221;default&#8221;][et_pb_text _builder_version=&#8221;4.9.10&#8243; _module_preset=&#8221;default&#8221; header_text_align=&#8221;center&#8221; border_width_bottom=&#8221;5px&#8221; border_color_bottom=&#8221;#FFFF00&#8243;]<\/p>\n<h1>The Hideout<\/h1>\n<p>[\/et_pb_text][\/et_pb_column][\/et_pb_row][\/et_pb_section][et_pb_section fb_built=&#8221;1&#8243; custom_padding_last_edited=&#8221;on|phone&#8221; _builder_version=&#8221;4.9.3&#8243; _module_preset=&#8221;default&#8221; custom_margin=&#8221;||||false|false&#8221; custom_padding=&#8221;0px||0px||true|false&#8221; custom_padding_tablet=&#8221;&#8221; custom_padding_phone=&#8221;||0px||false|false&#8221; animation_direction=&#8221;top&#8221;][et_pb_row _builder_version=&#8221;4.9.3&#8243; _module_preset=&#8221;default&#8221; animation_style=&#8221;slide&#8221; animation_direction=&#8221;top&#8221; animation_delay=&#8221;100ms&#8221; animation_intensity_slide=&#8221;5%&#8221;][et_pb_column type=&#8221;4_4&#8243; _builder_version=&#8221;4.9.3&#8243; _module_preset=&#8221;default&#8221;][et_pb_text _builder_version=&#8221;4.9.10&#8243; _module_preset=&#8221;default&#8221;]<\/p>\n<p><span><strong>The Hideout<\/strong> is a space for reflection. For personal and intellectual <\/span>development, where your contribution is an asset that enriches the collective. <span><strong>It is an arena<\/strong> to enjoy yourself and share invigorating discussions with people\u00a0<\/span><span>that share your inquisitiveness, but where it is not essential to have the same\u00a0<\/span><span>viewpoint.<\/span><\/p>\n<p><span><strong>The Hideout<\/strong> is founded on supporting interpersonal relationships and <\/span>encourages classic communication habits while focusing on the pleasure of\u00a0<span>conversation, by listening deeply and reflecting on what is shared by all <\/span>present.<\/p>\n<p>[\/et_pb_text][et_pb_text _builder_version=&#8221;4.9.10&#8243; text_font=&#8221;||||||||&#8221; text_font_size=&#8221;18px&#8221; text_line_height=&#8221;2.2em&#8221; header_font=&#8221;||||||||&#8221; header_2_font=&#8221;Varela Round||||||||&#8221; header_2_text_color=&#8221;#94A596&#8243; header_2_font_size=&#8221;40px&#8221; header_2_line_height=&#8221;1.2em&#8221; custom_margin=&#8221;||20px||false|false&#8221; animation_direction=&#8221;left&#8221; hover_enabled=&#8221;0&#8243; text_font_size_tablet=&#8221;&#8221; text_font_size_phone=&#8221;14px&#8221; text_font_size_last_edited=&#8221;on|phone&#8221; header_2_font_size_tablet=&#8221;35px&#8221; header_2_font_size_phone=&#8221;25px&#8221; header_2_font_size_last_edited=&#8221;on|desktop&#8221; locked=&#8221;off&#8221; header_3_font_size__hover=&#8221;22px&#8221; header_3_font_size__hover_enabled=&#8221;22px&#8221; header_3_letter_spacing__hover=&#8221;0px&#8221; header_3_letter_spacing__hover_enabled=&#8221;0px&#8221; header_3_line_height__hover=&#8221;1em&#8221; header_3_line_height__hover_enabled=&#8221;1em&#8221; header_3_text_shadow_style__hover=&#8221;none&#8221; header_3_text_shadow_style__hover_enabled=&#8221;none&#8221; header_3_text_shadow_color__hover=&#8221;rgba(0,0,0,0.4)&#8221; header_3_text_shadow_color__hover_enabled=&#8221;rgba(0,0,0,0.4)&#8221; sticky_enabled=&#8221;0&#8243;]<\/p>\n<h2 class=\"p1\">The Thinking in Yellow attitude!<\/h2>\n<p>[\/et_pb_text][\/et_pb_column][\/et_pb_row][\/et_pb_section][et_pb_section fb_built=&#8221;1&#8243; _builder_version=&#8221;4.9.3&#8243; _module_preset=&#8221;default&#8221; custom_margin=&#8221;0px||0px||true|false&#8221; custom_margin_tablet=&#8221;&#8221; custom_margin_phone=&#8221;&#8221; custom_margin_last_edited=&#8221;on|desktop&#8221; custom_padding=&#8221;0px||||false|false&#8221;][et_pb_row _builder_version=&#8221;4.9.3&#8243; _module_preset=&#8221;default&#8221;][et_pb_column type=&#8221;4_4&#8243; _builder_version=&#8221;4.9.3&#8243; _module_preset=&#8221;default&#8221;][et_pb_blog posts_number=&#8221;5&#8243; include_categories=&#8221;all&#8221; meta_date=&#8221;j M Y&#8221; excerpt_length=&#8221;250&#8243; show_author=&#8221;off&#8221; show_categories=&#8221;off&#8221; show_excerpt=&#8221;off&#8221; use_overlay=&#8221;on&#8221; overlay_icon_color=&#8221;#183029&#8243; hover_overlay_color=&#8221;rgba(255,255,255,0.8)&#8221; hover_icon=&#8221;%%3%%&#8221; _builder_version=&#8221;4.9.10&#8243; _module_preset=&#8221;default&#8221; header_level=&#8221;h3&#8243; meta_font=&#8221;|700||on|||||&#8221; meta_text_color=&#8221;#183029&#8243; meta_font_size=&#8221;13px&#8221; read_more_font=&#8221;Varela Round|700||on|||||&#8221; read_more_text_color=&#8221;#183029&#8243; animation_style=&#8221;fade&#8221; border_color_all_image=&#8221;#183029&#8243; border_width_bottom_image=&#8221;10px&#8221;][\/et_pb_blog][\/et_pb_column][\/et_pb_row][\/et_pb_section][et_pb_section fb_built=&#8221;1&#8243; disabled_on=&#8221;on|on|on&#8221; _builder_version=&#8221;4.9.3&#8243; _module_preset=&#8221;default&#8221; background_image=&#8221;https:\/\/thinkinginyellow.com\/wp-content\/uploads\/2021\/04\/patron_verde-30.png&#8221; background_size=&#8221;initial&#8221; custom_margin=&#8221;||100px||false|false&#8221; custom_margin_tablet=&#8221;&#8221; custom_margin_phone=&#8221;&#8221; custom_margin_last_edited=&#8221;on|phone&#8221; custom_padding=&#8221;50px|50px|50px|50px|true|true&#8221; disabled=&#8221;on&#8221; locked=&#8221;off&#8221;][et_pb_row custom_padding_last_edited=&#8221;on|phone&#8221; _builder_version=&#8221;4.9.3&#8243; _module_preset=&#8221;default&#8221; background_color=&#8221;#FFFFFF&#8221; width=&#8221;85%&#8221; width_tablet=&#8221;&#8221; width_phone=&#8221;&#8221; width_last_edited=&#8221;on|desktop&#8221; custom_padding=&#8221;50px||50px||true|false&#8221; custom_padding_tablet=&#8221;&#8221; custom_padding_phone=&#8221;20px||20px||true|true&#8221;][et_pb_column type=&#8221;4_4&#8243; admin_label=&#8221;Suscripci\u00f3n&#8221; _builder_version=&#8221;4.9.3&#8243; _module_preset=&#8221;default&#8221;][et_pb_text _builder_version=&#8221;4.9.3&#8243; text_font=&#8221;||||||||&#8221; text_font_size=&#8221;18px&#8221; text_line_height=&#8221;2.2em&#8221; header_font=&#8221;||||||||&#8221; header_text_align=&#8221;center&#8221; header_2_font=&#8221;||||||||&#8221; header_2_text_color=&#8221;#94A596&#8243; width=&#8221;75%&#8221; module_alignment=&#8221;center&#8221; custom_margin=&#8221;||50px||false|false&#8221; custom_margin_tablet=&#8221;&#8221; custom_margin_phone=&#8221;||20px||false|false&#8221; custom_margin_last_edited=&#8221;on|desktop&#8221; animation_direction=&#8221;left&#8221; text_font_size_tablet=&#8221;&#8221; text_font_size_phone=&#8221;14px&#8221; text_font_size_last_edited=&#8221;on|phone&#8221; header_2_font_size_tablet=&#8221;35px&#8221; header_2_font_size_phone=&#8221;25px&#8221; header_2_font_size_last_edited=&#8221;on|desktop&#8221; border_width_bottom=&#8221;5px&#8221; border_color_bottom=&#8221;#FFFF00&#8243; locked=&#8221;off&#8221; header_3_font_size__hover=&#8221;22px&#8221; header_3_font_size__hover_enabled=&#8221;22px&#8221; header_3_letter_spacing__hover=&#8221;0px&#8221; header_3_letter_spacing__hover_enabled=&#8221;0px&#8221; header_3_line_height__hover=&#8221;1em&#8221; header_3_line_height__hover_enabled=&#8221;1em&#8221; header_3_text_shadow_style__hover=&#8221;none&#8221; header_3_text_shadow_style__hover_enabled=&#8221;none&#8221; header_3_text_shadow_color__hover=&#8221;rgba(0,0,0,0.4)&#8221; header_3_text_shadow_color__hover_enabled=&#8221;rgba(0,0,0,0.4)&#8221;]<\/p>\n<h1 class=\"p1\"><span class=\"s1\">Suscr\u00edbete a La Guarida<\/span><\/h1>\n<p>[\/et_pb_text][et_pb_text _builder_version=&#8221;4.9.3&#8243; _module_preset=&#8221;default&#8221; text_orientation=&#8221;center&#8221; width=&#8221;80%&#8221; module_alignment=&#8221;center&#8221; custom_margin=&#8221;||15px||false|false&#8221;]\u00a1Suscr\u00edbete al bolet\u00edn de noticias de <span style=\"color: #94a596;\"><strong>La Guarida<\/strong><\/span> para enterarte de todas las novedades!<br \/>\n[\/et_pb_text][et_pb_signup name_field=&#8221;on&#8221; button_text=&#8221;Suscribirme&#8221; _builder_version=&#8221;4.9.3&#8243; _module_preset=&#8221;default&#8221; form_field_background_color=&#8221;rgba(255,255,0,0.21)&#8221; form_field_text_color=&#8221;#183029&#8243; result_message_text_color=&#8221;#94A596&#8243; form_field_font=&#8221;||||||||&#8221; form_field_font_size=&#8221;16px&#8221; form_field_line_height=&#8221;2em&#8221; background_enable_color=&#8221;off&#8221; custom_button=&#8221;on&#8221; button_custom_margin=&#8221;15px||||false|false&#8221; button_custom_padding=&#8221;||15px||false|false&#8221; width=&#8221;80%&#8221; width_tablet=&#8221;&#8221; width_phone=&#8221;100%&#8221; width_last_edited=&#8221;on|desktop&#8221; module_alignment=&#8221;center&#8221; animation_style=&#8221;fade&#8221; animation_delay=&#8221;200ms&#8221; form_field_font_size_tablet=&#8221;&#8221; form_field_font_size_phone=&#8221;14px&#8221; form_field_font_size_last_edited=&#8221;on|phone&#8221; button_text_size_tablet=&#8221;12px&#8221; button_text_size_phone=&#8221;&#8221; button_text_size_last_edited=&#8221;on|phone&#8221; box_shadow_style_button=&#8221;preset4&#8243; box_shadow_horizontal_button=&#8221;0px&#8221; box_shadow_vertical_button=&#8221;5px&#8221; box_shadow_color_button=&#8221;#FFFF00&#8243;][\/et_pb_signup][\/et_pb_column][\/et_pb_row][\/et_pb_section]<\/p>\n","protected":false},"excerpt":{"rendered":"<p>The Hideout The Hideout is a space for reflection. For personal and intellectual development, where your contribution is an asset that enriches the collective. It is an arena to enjoy yourself and share invigorating discussions with people\u00a0that share your inquisitiveness, but where it is not essential to have the same\u00a0viewpoint. The Hideout is founded on [&hellip;]<\/p>\n","protected":false},"author":1,"featured_media":0,"parent":0,"menu_order":0,"comment_status":"closed","ping_status":"closed","template":"","meta":{"_et_pb_use_builder":"on","_et_pb_old_content":"<p>[et_pb_section fb_built=\"1\" _builder_version=\"4.9.3\" _module_preset=\"default\" custom_margin=\"50px||0px||false|false\" custom_margin_tablet=\"\" custom_margin_phone=\"20px||0px||false|false\" custom_margin_last_edited=\"on|desktop\"][et_pb_row _builder_version=\"4.9.3\" _module_preset=\"default\" animation_style=\"slide\" animation_direction=\"top\" animation_intensity_slide=\"5%\"][et_pb_column type=\"4_4\" _builder_version=\"4.9.3\" _module_preset=\"default\"][et_pb_text _builder_version=\"4.9.3\" _module_preset=\"default\" header_text_align=\"center\" border_width_bottom=\"5px\" border_color_bottom=\"#FFFF00\"]<\/p><h1>La Guarida<\/h1><p>[\/et_pb_text][\/et_pb_column][\/et_pb_row][\/et_pb_section][et_pb_section fb_built=\"1\" custom_padding_last_edited=\"on|phone\" _builder_version=\"4.9.3\" _module_preset=\"default\" custom_margin=\"||||false|false\" custom_padding=\"0px||0px||true|false\" custom_padding_tablet=\"\" custom_padding_phone=\"||0px||false|false\" animation_direction=\"top\"][et_pb_row _builder_version=\"4.9.3\" _module_preset=\"default\" animation_style=\"slide\" animation_direction=\"top\" animation_delay=\"100ms\" animation_intensity_slide=\"5%\"][et_pb_column type=\"4_4\" _builder_version=\"4.9.3\" _module_preset=\"default\"][et_pb_text _builder_version=\"4.9.3\" _module_preset=\"default\"]<\/p><p><strong>La Guarida<\/strong> es un espacio de reflexi\u00f3n, de crecimiento personal e intelectual en el que tu aportaci\u00f3n es un activo que enriquece al colectivo. En definitiva, un <strong>blog de psicolog\u00eda<\/strong>. Es el rinc\u00f3n en el que disfrutar de ti y de una estimulante charla con personas que se interesan por los mismos temas que tu, pero donde no es imprescindible compartir los mismos puntos de vista.<\/p><p><strong>La Guarida<\/strong> se construye y apoya en las relaciones interpersonales, fomenta los h\u00e1bitos cl\u00e1sicos de comunicaci\u00f3n y el gusto por la conversaci\u00f3n. Todo ello a trav\u00e9s de la visi\u00f3n de una <strong>Psic\u00f3loga espa\u00f1ola en Alemania<\/strong>, especializada en <strong>expatriados<\/strong>.<\/p><p>Mirar a los ojos del que escucha o reflexionar tras la exposici\u00f3n de los dem\u00e1s...<\/p><p>[\/et_pb_text][et_pb_text _builder_version=\"4.9.3\" text_font=\"||||||||\" text_font_size=\"18px\" text_line_height=\"2.2em\" header_font=\"||||||||\" header_2_font=\"Varela Round||||||||\" header_2_text_color=\"#94A596\" header_2_font_size=\"40px\" header_2_line_height=\"1.2em\" custom_margin=\"||20px||false|false\" animation_direction=\"left\" text_font_size_tablet=\"\" text_font_size_phone=\"14px\" text_font_size_last_edited=\"on|phone\" header_2_font_size_tablet=\"35px\" header_2_font_size_phone=\"25px\" header_2_font_size_last_edited=\"on|desktop\" locked=\"off\" header_3_font_size__hover=\"22px\" header_3_font_size__hover_enabled=\"22px\" header_3_letter_spacing__hover=\"0px\" header_3_letter_spacing__hover_enabled=\"0px\" header_3_line_height__hover=\"1em\" header_3_line_height__hover_enabled=\"1em\" header_3_text_shadow_style__hover=\"none\" header_3_text_shadow_style__hover_enabled=\"none\" header_3_text_shadow_color__hover=\"rgba(0,0,0,0.4)\" header_3_text_shadow_color__hover_enabled=\"rgba(0,0,0,0.4)\"]<\/p><h2 class=\"p1\">Actitudes Thinking in Yellow!<\/h2><p>[\/et_pb_text][\/et_pb_column][\/et_pb_row][\/et_pb_section][et_pb_section fb_built=\"1\" _builder_version=\"4.9.3\" _module_preset=\"default\" custom_margin=\"0px||0px||true|false\" custom_margin_tablet=\"\" custom_margin_phone=\"\" custom_margin_last_edited=\"on|desktop\" custom_padding=\"0px||||false|false\"][et_pb_row _builder_version=\"4.9.3\" _module_preset=\"default\"][et_pb_column type=\"4_4\" _builder_version=\"4.9.3\" _module_preset=\"default\"][et_pb_blog posts_number=\"5\" include_categories=\"all\" meta_date=\"j M Y\" excerpt_length=\"250\" show_author=\"off\" show_categories=\"off\" show_excerpt=\"off\" use_overlay=\"on\" overlay_icon_color=\"#183029\" hover_overlay_color=\"rgba(255,255,255,0.8)\" hover_icon=\"%%3%%\" _builder_version=\"4.9.10\" _module_preset=\"default\" header_level=\"h3\" meta_font=\"|700||on|||||\" meta_text_color=\"#183029\" meta_font_size=\"13px\" read_more_font=\"Varela Round|700||on|||||\" read_more_text_color=\"#183029\" animation_style=\"fade\" border_color_all_image=\"#183029\" border_width_bottom_image=\"10px\"][\/et_pb_blog][\/et_pb_column][\/et_pb_row][\/et_pb_section][et_pb_section fb_built=\"1\" disabled_on=\"on|on|on\" _builder_version=\"4.9.3\" _module_preset=\"default\" background_image=\"https:\/\/thinkinginyellow.com\/wp-content\/uploads\/2021\/04\/patron_verde-30.png\" background_size=\"initial\" custom_margin=\"||100px||false|false\" custom_margin_tablet=\"\" custom_margin_phone=\"\" custom_margin_last_edited=\"on|phone\" custom_padding=\"50px|50px|50px|50px|true|true\" disabled=\"on\" locked=\"off\"][et_pb_row custom_padding_last_edited=\"on|phone\" _builder_version=\"4.9.3\" _module_preset=\"default\" background_color=\"#FFFFFF\" width=\"85%\" width_tablet=\"\" width_phone=\"\" width_last_edited=\"on|desktop\" custom_padding=\"50px||50px||true|false\" custom_padding_tablet=\"\" custom_padding_phone=\"20px||20px||true|true\"][et_pb_column type=\"4_4\" admin_label=\"Suscripci\u00f3n\" _builder_version=\"4.9.3\" _module_preset=\"default\"][et_pb_text _builder_version=\"4.9.3\" text_font=\"||||||||\" text_font_size=\"18px\" text_line_height=\"2.2em\" header_font=\"||||||||\" header_text_align=\"center\" header_2_font=\"||||||||\" header_2_text_color=\"#94A596\" width=\"75%\" module_alignment=\"center\" custom_margin=\"||50px||false|false\" custom_margin_tablet=\"\" custom_margin_phone=\"||20px||false|false\" custom_margin_last_edited=\"on|desktop\" animation_direction=\"left\" text_font_size_tablet=\"\" text_font_size_phone=\"14px\" text_font_size_last_edited=\"on|phone\" header_2_font_size_tablet=\"35px\" header_2_font_size_phone=\"25px\" header_2_font_size_last_edited=\"on|desktop\" border_width_bottom=\"5px\" border_color_bottom=\"#FFFF00\" locked=\"off\" header_3_font_size__hover=\"22px\" header_3_font_size__hover_enabled=\"22px\" header_3_letter_spacing__hover=\"0px\" header_3_letter_spacing__hover_enabled=\"0px\" header_3_line_height__hover=\"1em\" header_3_line_height__hover_enabled=\"1em\" header_3_text_shadow_style__hover=\"none\" header_3_text_shadow_style__hover_enabled=\"none\" header_3_text_shadow_color__hover=\"rgba(0,0,0,0.4)\" header_3_text_shadow_color__hover_enabled=\"rgba(0,0,0,0.4)\"]<\/p><h1 class=\"p1\"><span class=\"s1\">Suscr\u00edbete a La Guarida<\/span><\/h1><p>[\/et_pb_text][et_pb_text _builder_version=\"4.9.3\" _module_preset=\"default\" text_orientation=\"center\" width=\"80%\" module_alignment=\"center\" custom_margin=\"||15px||false|false\"]<\/p><p>\u00a1Suscr\u00edbete al bolet\u00edn de noticias de <span style=\"color: #94a596;\"><strong>La Guarida<\/strong><\/span> para enterarte de todas las novedades!<\/p><p>[\/et_pb_text][et_pb_signup name_field=\"on\" button_text=\"Suscribirme\" _builder_version=\"4.9.3\" _module_preset=\"default\" form_field_background_color=\"rgba(255,255,0,0.21)\" form_field_text_color=\"#183029\" result_message_text_color=\"#94A596\" form_field_font=\"||||||||\" form_field_font_size=\"16px\" form_field_line_height=\"2em\" background_enable_color=\"off\" custom_button=\"on\" button_custom_margin=\"15px||||false|false\" button_custom_padding=\"||15px||false|false\" width=\"80%\" width_tablet=\"\" width_phone=\"100%\" width_last_edited=\"on|desktop\" module_alignment=\"center\" animation_style=\"fade\" animation_delay=\"200ms\" form_field_font_size_tablet=\"\" form_field_font_size_phone=\"14px\" form_field_font_size_last_edited=\"on|phone\" button_text_size_tablet=\"12px\" button_text_size_phone=\"\" button_text_size_last_edited=\"on|phone\" box_shadow_style_button=\"preset4\" box_shadow_horizontal_button=\"0px\" box_shadow_vertical_button=\"5px\" box_shadow_color_button=\"#FFFF00\"][\/et_pb_signup][\/et_pb_column][\/et_pb_row][\/et_pb_section]<\/p>","_et_gb_content_width":""},"yoast_head":"<!-- This site is optimized with the Yoast SEO plugin v17.5 - https:\/\/yoast.com\/wordpress\/plugins\/seo\/ -->\n<title>La Guarida - Thinking in yellow<\/title>\n<meta name=\"robots\" content=\"index, follow, max-snippet:-1, max-image-preview:large, max-video-preview:-1\" \/>\n<link rel=\"canonical\" href=\"https:\/\/thinkinginyellow.com\/en\/la-guarida\/\" \/>\n<meta property=\"og:locale\" content=\"en_US\" \/>\n<meta property=\"og:type\" content=\"article\" \/>\n<meta property=\"og:title\" content=\"La Guarida - Thinking in yellow\" \/>\n<meta property=\"og:description\" content=\"The Hideout The Hideout is a space for reflection. For personal and intellectual development, where your contribution is an asset that enriches the collective. It is an arena to enjoy yourself and share invigorating discussions with people\u00a0that share your inquisitiveness, but where it is not essential to have the same\u00a0viewpoint. The Hideout is founded on [&hellip;]\" \/>\n<meta property=\"og:url\" content=\"https:\/\/thinkinginyellow.com\/en\/la-guarida\/\" \/>\n<meta property=\"og:site_name\" content=\"Thinking in yellow\" \/>\n<meta property=\"article:modified_time\" content=\"2021-11-02T08:52:54+00:00\" \/>\n<meta name=\"twitter:card\" content=\"summary_large_image\" \/>\n<meta name=\"twitter:label1\" content=\"Est. reading time\" \/>\n\t<meta name=\"twitter:data1\" content=\"5 minutes\" \/>\n<script type=\"application\/ld+json\" class=\"yoast-schema-graph\">{\"@context\":\"https:\/\/schema.org\",\"@graph\":[{\"@type\":\"WebSite\",\"@id\":\"https:\/\/thinkinginyellow.com\/#website\",\"url\":\"https:\/\/thinkinginyellow.com\/\",\"name\":\"Thinking in yellow\",\"description\":\"Simplify your life - Psic\\u00f3loga espa\\u00f1ola en M\\u00fanich para expatriados\",\"potentialAction\":[{\"@type\":\"SearchAction\",\"target\":{\"@type\":\"EntryPoint\",\"urlTemplate\":\"https:\/\/thinkinginyellow.com\/?s={search_term_string}\"},\"query-input\":\"required name=search_term_string\"}],\"inLanguage\":\"en-US\"},{\"@type\":\"WebPage\",\"@id\":\"https:\/\/thinkinginyellow.com\/en\/la-guarida\/#webpage\",\"url\":\"https:\/\/thinkinginyellow.com\/en\/la-guarida\/\",\"name\":\"La Guarida - Thinking in yellow\",\"isPartOf\":{\"@id\":\"https:\/\/thinkinginyellow.com\/#website\"},\"datePublished\":\"2021-10-29T09:10:14+00:00\",\"dateModified\":\"2021-11-02T08:52:54+00:00\",\"breadcrumb\":{\"@id\":\"https:\/\/thinkinginyellow.com\/en\/la-guarida\/#breadcrumb\"},\"inLanguage\":\"en-US\",\"potentialAction\":[{\"@type\":\"ReadAction\",\"target\":[\"https:\/\/thinkinginyellow.com\/en\/la-guarida\/\"]}]},{\"@type\":\"BreadcrumbList\",\"@id\":\"https:\/\/thinkinginyellow.com\/en\/la-guarida\/#breadcrumb\",\"itemListElement\":[{\"@type\":\"ListItem\",\"position\":1,\"name\":\"Portada\",\"item\":\"https:\/\/thinkinginyellow.com\/en\/\"},{\"@type\":\"ListItem\",\"position\":2,\"name\":\"La Guarida\"}]}]}<\/script>\n<!-- \/ Yoast SEO plugin. -->","yoast_head_json":{"title":"La Guarida - Thinking in yellow","robots":{"index":"index","follow":"follow","max-snippet":"max-snippet:-1","max-image-preview":"max-image-preview:large","max-video-preview":"max-video-preview:-1"},"canonical":"https:\/\/thinkinginyellow.com\/en\/la-guarida\/","og_locale":"en_US","og_type":"article","og_title":"La Guarida - Thinking in yellow","og_description":"The Hideout The Hideout is a space for reflection. For personal and intellectual development, where your contribution is an asset that enriches the collective. It is an arena to enjoy yourself and share invigorating discussions with people\u00a0that share your inquisitiveness, but where it is not essential to have the same\u00a0viewpoint. The Hideout is founded on [&hellip;]","og_url":"https:\/\/thinkinginyellow.com\/en\/la-guarida\/","og_site_name":"Thinking in yellow","article_modified_time":"2021-11-02T08:52:54+00:00","twitter_card":"summary_large_image","twitter_misc":{"Est. reading time":"5 minutes"},"schema":{"@context":"https:\/\/schema.org","@graph":[{"@type":"WebSite","@id":"https:\/\/thinkinginyellow.com\/#website","url":"https:\/\/thinkinginyellow.com\/","name":"Thinking in yellow","description":"Simplify your life - Psic\u00f3loga espa\u00f1ola en M\u00fanich para expatriados","potentialAction":[{"@type":"SearchAction","target":{"@type":"EntryPoint","urlTemplate":"https:\/\/thinkinginyellow.com\/?s={search_term_string}"},"query-input":"required name=search_term_string"}],"inLanguage":"en-US"},{"@type":"WebPage","@id":"https:\/\/thinkinginyellow.com\/en\/la-guarida\/#webpage","url":"https:\/\/thinkinginyellow.com\/en\/la-guarida\/","name":"La Guarida - Thinking in yellow","isPartOf":{"@id":"https:\/\/thinkinginyellow.com\/#website"},"datePublished":"2021-10-29T09:10:14+00:00","dateModified":"2021-11-02T08:52:54+00:00","breadcrumb":{"@id":"https:\/\/thinkinginyellow.com\/en\/la-guarida\/#breadcrumb"},"inLanguage":"en-US","potentialAction":[{"@type":"ReadAction","target":["https:\/\/thinkinginyellow.com\/en\/la-guarida\/"]}]},{"@type":"BreadcrumbList","@id":"https:\/\/thinkinginyellow.com\/en\/la-guarida\/#breadcrumb","itemListElement":[{"@type":"ListItem","position":1,"name":"Portada","item":"https:\/\/thinkinginyellow.com\/en\/"},{"@type":"ListItem","position":2,"name":"La Guarida"}]}]}},"uagb_featured_image_src":{"full":false,"thumbnail":false,"medium":false,"medium_large":false,"large":false,"1536x1536":false,"2048x2048":false,"et-pb-post-main-image":false,"et-pb-post-main-image-fullwidth":false,"et-pb-portfolio-image":false,"et-pb-portfolio-module-image":false,"et-pb-portfolio-image-single":false,"et-pb-gallery-module-image-portrait":false,"et-pb-post-main-image-fullwidth-large":false,"et-pb-image--responsive--desktop":false,"et-pb-image--responsive--tablet":false,"et-pb-image--responsive--phone":false},"uagb_author_info":{"display_name":"admin","author_link":"https:\/\/thinkinginyellow.com\/en\/author\/thinking\/"},"uagb_comment_info":0,"uagb_excerpt":"The Hideout The Hideout is a space for reflection. For personal and intellectual development, where your contribution is an asset that enriches the collective. It is an arena to enjoy yourself and share invigorating discussions with people\u00a0that share your inquisitiveness, but where it is not essential to have the same\u00a0viewpoint. The Hideout is founded on&hellip;","_links":{"self":[{"href":"https:\/\/thinkinginyellow.com\/en\/wp-json\/wp\/v2\/pages\/679"}],"collection":[{"href":"https:\/\/thinkinginyellow.com\/en\/wp-json\/wp\/v2\/pages"}],"about":[{"href":"https:\/\/thinkinginyellow.com\/en\/wp-json\/wp\/v2\/types\/page"}],"author":[{"embeddable":true,"href":"https:\/\/thinkinginyellow.com\/en\/wp-json\/wp\/v2\/users\/1"}],"replies":[{"embeddable":true,"href":"https:\/\/thinkinginyellow.com\/en\/wp-json\/wp\/v2\/comments?post=679"}],"version-history":[{"count":5,"href":"https:\/\/thinkinginyellow.com\/en\/wp-json\/wp\/v2\/pages\/679\/revisions"}],"predecessor-version":[{"id":703,"href":"https:\/\/thinkinginyellow.com\/en\/wp-json\/wp\/v2\/pages\/679\/revisions\/703"}],"wp:attachment":[{"href":"https:\/\/thinkinginyellow.com\/en\/wp-json\/wp\/v2\/media?parent=679"}],"curies":[{"name":"wp","href":"https:\/\/api.w.org\/{rel}","templated":true}]}}